{"id":96,"date":"2024-05-10T13:02:27","date_gmt":"2024-05-10T16:02:27","guid":{"rendered":"https:\/\/info.ultradesk.com.br\/?page_id=96"},"modified":"2026-01-02T19:30:28","modified_gmt":"2026-01-02T22:30:28","slug":"pessoas","status":"publish","type":"page","link":"https:\/\/info.ultradesk.com.br\/?page_id=96","title":{"rendered":"Pessoas"},"content":{"rendered":"\n<p>O Cadastro de Pessoas agrega o registro de empresas e indiv\u00edduos dentro de um mesmo lugar onde s\u00e3o classificados pelo Tipo (Jur\u00eddica ou F\u00edsica) e pela Classe (Cliente, Fornecedor, Transportador, Vendedor, Comprador, T\u00e9cnico ou Colaborador).<\/p>\n\n\n\n<p>O tipo internacional permite a edi\u00e7\u00e3o livre do campo CNPJ\/PF uma vez que esse valor tem um formato espec\u00edfico que o pa\u00eds de origem utiliza para codificar suas empresas\/habitantes.<\/p>\n\n\n\n<p>O bloqueio do cadastro \u00e9 utilizado como recurso de proibir novos registros para essa pessoa nos m\u00f3dulos do aplicativo, ou seja, n\u00e3o \u00e9 poss\u00edvel emitir um pedido de venda ou nota fiscal para essa pessoa enquanto seu cadastro estiver bloqueado.<\/p>\n\n\n\n<p>O CEP pode ser utilizado para obter o endere\u00e7o\/cidade\/estado com uma consulta automatizada. Para cadastros onde n\u00e3o se t\u00eam esse dado, deve-se informar o c\u00f3digo 00000-000 pois o preenchimento do campo \u00e9 obrigat\u00f3rio.<\/p>\n","protected":false},"excerpt":{"rendered":"<p>O Cadastro de Pessoas agrega o registro de empresas e indiv\u00edduos dentro de um mesmo lugar onde s\u00e3o classificados pelo Tipo (Jur\u00eddica ou F\u00edsica) e pela Classe (Cliente, Fornecedor, Transportador, Vendedor, Comprador, T\u00e9cnico ou Colaborador). O tipo internacional permite a edi\u00e7\u00e3o livre do campo CNPJ\/PF uma vez que esse valor tem um formato espec\u00edfico que [&hellip;]<\/p>\n","protected":false},"author":1,"featured_media":0,"parent":0,"menu_order":0,"comment_status":"closed","ping_status":"closed","template":"","meta":{"footnotes":""},"class_list":["post-96","page","type-page","status-publish","hentry"],"blocksy_meta":[],"_links":{"self":[{"href":"https:\/\/info.ultradesk.com.br\/index.php?rest_route=\/wp\/v2\/pages\/96","targetHints":{"allow":["GET"]}}],"collection":[{"href":"https:\/\/info.ultradesk.com.br\/index.php?rest_route=\/wp\/v2\/pages"}],"about":[{"href":"https:\/\/info.ultradesk.com.br\/index.php?rest_route=\/wp\/v2\/types\/page"}],"author":[{"embeddable":true,"href":"https:\/\/info.ultradesk.com.br\/index.php?rest_route=\/wp\/v2\/users\/1"}],"replies":[{"embeddable":true,"href":"https:\/\/info.ultradesk.com.br\/index.php?rest_route=%2Fwp%2Fv2%2Fcomments&post=96"}],"version-history":[{"count":5,"href":"https:\/\/info.ultradesk.com.br\/index.php?rest_route=\/wp\/v2\/pages\/96\/revisions"}],"predecessor-version":[{"id":434,"href":"https:\/\/info.ultradesk.com.br\/index.php?rest_route=\/wp\/v2\/pages\/96\/revisions\/434"}],"wp:attachment":[{"href":"https:\/\/info.ultradesk.com.br\/index.php?rest_route=%2Fwp%2Fv2%2Fmedia&parent=96"}],"curies":[{"name":"wp","href":"https:\/\/api.w.org\/{rel}","templated":true}]}}