{"id":94,"date":"2024-05-10T13:00:27","date_gmt":"2024-05-10T16:00:27","guid":{"rendered":"https:\/\/info.ultradesk.com.br\/?page_id=94"},"modified":"2024-10-18T21:32:46","modified_gmt":"2024-10-19T00:32:46","slug":"produtos","status":"publish","type":"page","link":"https:\/\/info.ultradesk.com.br\/?page_id=94","title":{"rendered":"Produtos"},"content":{"rendered":"\n<p>No cadastro de produtos definimos os SKUs da empresa que ser\u00e3o utilizados nas opera\u00e7\u00f5es comerciais e fiscais.<\/p>\n\n\n\n<p>O SKU (Stock Keeping Unit) \u00e9 o c\u00f3digo criado pela pr\u00f3pria empresa para gerenciar seu estoque. \u00c9 \u00fanico no sistema mas n\u00e3o \u00e9 padronizado globalmente.<\/p>\n\n\n\n<p>O C\u00f3digo do Produto \u00e9 atribu\u00eddo pelo fabricante ou marca. \u00c9 padronizado e reconhecido globalmente.<\/p>\n\n\n\n<p>O c\u00f3digo EAN (European Article Number) \u00e9 um padr\u00e3o global utilizado para identificar produtos de forma \u00fanica e simplificada. \u00c9 opcional no UD mas pode ser informado para constar em documentos onde \u00e9 exigido para formalizar uma opera\u00e7\u00e3o de compra\/venda\/faturamento com determinados clientes\/fornecedores.<\/p>\n\n\n\n<p>Fiscal<\/p>\n\n\n\n<p>Origem<\/p>\n\n\n\n<p>Refere-se \u00e0 origem do produto, que tem impacto na tributa\u00e7\u00e3o de impostos como ICMS (Imposto sobre Circula\u00e7\u00e3o de Mercadorias e Servi\u00e7os) no Brasil. As op\u00e7\u00f5es de origem fiscal seguem o estabelecido pela legisla\u00e7\u00e3o, e os c\u00f3digos mais comuns s\u00e3o:<\/p>\n\n\n\n<p>0 &#8211; Nacional, exceto as indicadas nos c\u00f3digos 3, 4, 5 e 8<br>1 &#8211; Estrangeira &#8211; Importa\u00e7\u00e3o direta, exceto a indicada no c\u00f3digo 6<br>2 &#8211; Estrangeira &#8211; Adquirida no mercado interno, exceto a indicada no c\u00f3digo 7<br>3 &#8211; Nacional, com conte\u00fado de importa\u00e7\u00e3o superior a 40%<br>4 &#8211; Nacional, cuja produ\u00e7\u00e3o tenha sido feita conforme os processos produtivos b\u00e1sicos<br>5 &#8211; Nacional, com conte\u00fado de importa\u00e7\u00e3o inferior ou igual a 40%<br>6 &#8211; Estrangeira &#8211; Importa\u00e7\u00e3o direta, sem similar nacional, constante em lista da CAMEX<br>7 &#8211; Estrangeira &#8211; Adquirida no mercado interno, sem similar nacional, constante em lista da CAMEX<br>8 &#8211; Nacional, mercadoria ou bem com conte\u00fado de importa\u00e7\u00e3o superior a 70%<\/p>\n\n\n\n<p><\/p>\n","protected":false},"excerpt":{"rendered":"<p>No cadastro de produtos definimos os SKUs da empresa que ser\u00e3o utilizados nas opera\u00e7\u00f5es comerciais e fiscais. O SKU (Stock Keeping Unit) \u00e9 o c\u00f3digo criado pela pr\u00f3pria empresa para gerenciar seu estoque. \u00c9 \u00fanico no sistema mas n\u00e3o \u00e9 padronizado globalmente. O C\u00f3digo do Produto \u00e9 atribu\u00eddo pelo fabricante ou marca. \u00c9 padronizado e [&hellip;]<\/p>\n","protected":false},"author":1,"featured_media":0,"parent":0,"menu_order":0,"comment_status":"closed","ping_status":"closed","template":"","meta":{"footnotes":""},"class_list":["post-94","page","type-page","status-publish","hentry"],"blocksy_meta":[],"_links":{"self":[{"href":"https:\/\/info.ultradesk.com.br\/index.php?rest_route=\/wp\/v2\/pages\/94","targetHints":{"allow":["GET"]}}],"collection":[{"href":"https:\/\/info.ultradesk.com.br\/index.php?rest_route=\/wp\/v2\/pages"}],"about":[{"href":"https:\/\/info.ultradesk.com.br\/index.php?rest_route=\/wp\/v2\/types\/page"}],"author":[{"embeddable":true,"href":"https:\/\/info.ultradesk.com.br\/index.php?rest_route=\/wp\/v2\/users\/1"}],"replies":[{"embeddable":true,"href":"https:\/\/info.ultradesk.com.br\/index.php?rest_route=%2Fwp%2Fv2%2Fcomments&post=94"}],"version-history":[{"count":5,"href":"https:\/\/info.ultradesk.com.br\/index.php?rest_route=\/wp\/v2\/pages\/94\/revisions"}],"predecessor-version":[{"id":218,"href":"https:\/\/info.ultradesk.com.br\/index.php?rest_route=\/wp\/v2\/pages\/94\/revisions\/218"}],"wp:attachment":[{"href":"https:\/\/info.ultradesk.com.br\/index.php?rest_route=%2Fwp%2Fv2%2Fmedia&parent=94"}],"curies":[{"name":"wp","href":"https:\/\/api.w.org\/{rel}","templated":true}]}}