{"id":63,"date":"2024-05-07T19:59:23","date_gmt":"2024-05-07T22:59:23","guid":{"rendered":"https:\/\/info.ultradesk.com.br\/?page_id=63"},"modified":"2024-05-08T08:51:53","modified_gmt":"2024-05-08T11:51:53","slug":"financeiro","status":"publish","type":"page","link":"https:\/\/info.ultradesk.com.br\/?page_id=63","title":{"rendered":"Financeiro"},"content":{"rendered":"\n<p>O objetivo do m\u00f3dulo financeiro \u00e9 fornecer a posi\u00e7\u00e3o de retorno sobre cada opera\u00e7\u00e3o da empresa.<\/p>\n\n\n\n<p>Para isso oferece os controles sobre os registros de pagamentos e recebimentos.<\/p>\n","protected":false},"excerpt":{"rendered":"<p>O objetivo do m\u00f3dulo financeiro \u00e9 fornecer a posi\u00e7\u00e3o de retorno sobre cada opera\u00e7\u00e3o da empresa. Para isso oferece os controles sobre os registros de pagamentos e recebimentos.<\/p>\n","protected":false},"author":1,"featured_media":0,"parent":0,"menu_order":0,"comment_status":"closed","ping_status":"closed","template":"","meta":{"footnotes":""},"class_list":["post-63","page","type-page","status-publish","hentry"],"blocksy_meta":[],"_links":{"self":[{"href":"https:\/\/info.ultradesk.com.br\/index.php?rest_route=\/wp\/v2\/pages\/63","targetHints":{"allow":["GET"]}}],"collection":[{"href":"https:\/\/info.ultradesk.com.br\/index.php?rest_route=\/wp\/v2\/pages"}],"about":[{"href":"https:\/\/info.ultradesk.com.br\/index.php?rest_route=\/wp\/v2\/types\/page"}],"author":[{"embeddable":true,"href":"https:\/\/info.ultradesk.com.br\/index.php?rest_route=\/wp\/v2\/users\/1"}],"replies":[{"embeddable":true,"href":"https:\/\/info.ultradesk.com.br\/index.php?rest_route=%2Fwp%2Fv2%2Fcomments&post=63"}],"version-history":[{"count":2,"href":"https:\/\/info.ultradesk.com.br\/index.php?rest_route=\/wp\/v2\/pages\/63\/revisions"}],"predecessor-version":[{"id":82,"href":"https:\/\/info.ultradesk.com.br\/index.php?rest_route=\/wp\/v2\/pages\/63\/revisions\/82"}],"wp:attachment":[{"href":"https:\/\/info.ultradesk.com.br\/index.php?rest_route=%2Fwp%2Fv2%2Fmedia&parent=63"}],"curies":[{"name":"wp","href":"https:\/\/api.w.org\/{rel}","templated":true}]}}