{"id":49,"date":"2024-05-01T12:11:09","date_gmt":"2024-05-01T15:11:09","guid":{"rendered":"https:\/\/info.ultradesk.com.br\/?page_id=49"},"modified":"2025-04-12T15:24:13","modified_gmt":"2025-04-12T18:24:13","slug":"usuarios","status":"publish","type":"page","link":"https:\/\/info.ultradesk.com.br\/?page_id=49","title":{"rendered":"Usu\u00e1rios"},"content":{"rendered":"\n<p>Cada usu\u00e1rio recebe um nome e um e-mail. O e-mail \u00e9 utilizado em conjunto com a senha para acessar o ultraDESK.<\/p>\n\n\n\n<p>Para concluir o processo de cadastro de um novo usu\u00e1rio \u00e9 necess\u00e1rio atribuir \u00e0 ele os grupos e solicitar um registro de senha.<\/p>\n\n\n\n<p>O comando de redefini\u00e7\u00e3o de senha envia um e-mail para o usu\u00e1rio solicitando dele o registro de uma senha.<\/p>\n\n\n\n<p>Pelo menos um usu\u00e1rio classificado como administrador dever\u00e1 permanecer ativo para o utilizador.<\/p>\n","protected":false},"excerpt":{"rendered":"<p>Cada usu\u00e1rio recebe um nome e um e-mail. O e-mail \u00e9 utilizado em conjunto com a senha para acessar o ultraDESK. Para concluir o processo de cadastro de um novo usu\u00e1rio \u00e9 necess\u00e1rio atribuir \u00e0 ele os grupos e solicitar um registro de senha. O comando de redefini\u00e7\u00e3o de senha envia um e-mail para o [&hellip;]<\/p>\n","protected":false},"author":1,"featured_media":0,"parent":0,"menu_order":0,"comment_status":"closed","ping_status":"closed","template":"","meta":{"footnotes":""},"class_list":["post-49","page","type-page","status-publish","hentry"],"blocksy_meta":[],"_links":{"self":[{"href":"https:\/\/info.ultradesk.com.br\/index.php?rest_route=\/wp\/v2\/pages\/49","targetHints":{"allow":["GET"]}}],"collection":[{"href":"https:\/\/info.ultradesk.com.br\/index.php?rest_route=\/wp\/v2\/pages"}],"about":[{"href":"https:\/\/info.ultradesk.com.br\/index.php?rest_route=\/wp\/v2\/types\/page"}],"author":[{"embeddable":true,"href":"https:\/\/info.ultradesk.com.br\/index.php?rest_route=\/wp\/v2\/users\/1"}],"replies":[{"embeddable":true,"href":"https:\/\/info.ultradesk.com.br\/index.php?rest_route=%2Fwp%2Fv2%2Fcomments&post=49"}],"version-history":[{"count":3,"href":"https:\/\/info.ultradesk.com.br\/index.php?rest_route=\/wp\/v2\/pages\/49\/revisions"}],"predecessor-version":[{"id":309,"href":"https:\/\/info.ultradesk.com.br\/index.php?rest_route=\/wp\/v2\/pages\/49\/revisions\/309"}],"wp:attachment":[{"href":"https:\/\/info.ultradesk.com.br\/index.php?rest_route=%2Fwp%2Fv2%2Fmedia&parent=49"}],"curies":[{"name":"wp","href":"https:\/\/api.w.org\/{rel}","templated":true}]}}