{"id":46,"date":"2024-05-01T12:10:41","date_gmt":"2024-05-01T15:10:41","guid":{"rendered":"https:\/\/info.ultradesk.com.br\/?page_id=46"},"modified":"2024-05-01T12:32:50","modified_gmt":"2024-05-01T15:32:50","slug":"logon","status":"publish","type":"page","link":"https:\/\/info.ultradesk.com.br\/?page_id=46","title":{"rendered":"Logon"},"content":{"rendered":"\n<p>Para acessar o <strong>aplicativo<\/strong>, o <strong>usu\u00e1rio<\/strong> deve informar seu email e senha previamente cadastrados pelo <strong>administrador<\/strong> do sistema na sua empresa, junto com o nome do <strong>utilizador<\/strong>.<\/p>\n\n\n\n<p>O administrador do sistema \u00e9 cadastrado no momento da aquisi\u00e7\u00e3o do plano de acesso ao ultraDESK pela empresa.<\/p>\n\n\n\n<p>O utilizador indica a \u00e1rea de dados reservada \u00e0 empresa do usu\u00e1rio dentro do aplicativo.<\/p>\n","protected":false},"excerpt":{"rendered":"<p>Para acessar o aplicativo, o usu\u00e1rio deve informar seu email e senha previamente cadastrados pelo administrador do sistema na sua empresa, junto com o nome do utilizador. O administrador do sistema \u00e9 cadastrado no momento da aquisi\u00e7\u00e3o do plano de acesso ao ultraDESK pela empresa. O utilizador indica a \u00e1rea de dados reservada \u00e0 empresa [&hellip;]<\/p>\n","protected":false},"author":1,"featured_media":0,"parent":0,"menu_order":0,"comment_status":"closed","ping_status":"closed","template":"","meta":{"footnotes":""},"class_list":["post-46","page","type-page","status-publish","hentry"],"blocksy_meta":[],"_links":{"self":[{"href":"https:\/\/info.ultradesk.com.br\/index.php?rest_route=\/wp\/v2\/pages\/46","targetHints":{"allow":["GET"]}}],"collection":[{"href":"https:\/\/info.ultradesk.com.br\/index.php?rest_route=\/wp\/v2\/pages"}],"about":[{"href":"https:\/\/info.ultradesk.com.br\/index.php?rest_route=\/wp\/v2\/types\/page"}],"author":[{"embeddable":true,"href":"https:\/\/info.ultradesk.com.br\/index.php?rest_route=\/wp\/v2\/users\/1"}],"replies":[{"embeddable":true,"href":"https:\/\/info.ultradesk.com.br\/index.php?rest_route=%2Fwp%2Fv2%2Fcomments&post=46"}],"version-history":[{"count":5,"href":"https:\/\/info.ultradesk.com.br\/index.php?rest_route=\/wp\/v2\/pages\/46\/revisions"}],"predecessor-version":[{"id":61,"href":"https:\/\/info.ultradesk.com.br\/index.php?rest_route=\/wp\/v2\/pages\/46\/revisions\/61"}],"wp:attachment":[{"href":"https:\/\/info.ultradesk.com.br\/index.php?rest_route=%2Fwp%2Fv2%2Fmedia&parent=46"}],"curies":[{"name":"wp","href":"https:\/\/api.w.org\/{rel}","templated":true}]}}