{"id":438,"date":"2026-04-08T16:02:02","date_gmt":"2026-04-08T19:02:02","guid":{"rendered":"https:\/\/info.ultradesk.com.br\/?page_id=438"},"modified":"2026-04-08T16:03:25","modified_gmt":"2026-04-08T19:03:25","slug":"beneficios-fiscais","status":"publish","type":"page","link":"https:\/\/info.ultradesk.com.br\/?page_id=438","title":{"rendered":"Benef\u00edcios Fiscais"},"content":{"rendered":"\n<p>O C\u00f3digo do Benef\u00edcio Fiscal (cBenef) \u00e9 um c\u00f3digo padronizado nacionalmente utilizado para identificar qual benef\u00edcio fiscal est\u00e1 sendo aplicado em determinada opera\u00e7\u00e3o do ICMS.<\/p>\n\n\n\n<p>Como n\u00e3o existe uma fonte de dados padronizada para importar essa tabela, os c\u00f3digos a serem utilizados pelos emitentes (Unidades de Neg\u00f3cio) no sistema devem ser cadastrados nessa tabela com a informa\u00e7\u00e3o de qual CST \u00e9 ativado o benef\u00edcio.<\/p>\n\n\n\n<p><\/p>\n\n\n\n<p><\/p>\n","protected":false},"excerpt":{"rendered":"<p>O C\u00f3digo do Benef\u00edcio Fiscal (cBenef) \u00e9 um c\u00f3digo padronizado nacionalmente utilizado para identificar qual benef\u00edcio fiscal est\u00e1 sendo aplicado em determinada opera\u00e7\u00e3o do ICMS. Como n\u00e3o existe uma fonte de dados padronizada para importar essa tabela, os c\u00f3digos a serem utilizados pelos emitentes (Unidades de Neg\u00f3cio) no sistema devem ser cadastrados nessa tabela com [&hellip;]<\/p>\n","protected":false},"author":1,"featured_media":0,"parent":0,"menu_order":0,"comment_status":"closed","ping_status":"closed","template":"","meta":{"footnotes":""},"class_list":["post-438","page","type-page","status-publish","hentry"],"blocksy_meta":[],"_links":{"self":[{"href":"https:\/\/info.ultradesk.com.br\/index.php?rest_route=\/wp\/v2\/pages\/438","targetHints":{"allow":["GET"]}}],"collection":[{"href":"https:\/\/info.ultradesk.com.br\/index.php?rest_route=\/wp\/v2\/pages"}],"about":[{"href":"https:\/\/info.ultradesk.com.br\/index.php?rest_route=\/wp\/v2\/types\/page"}],"author":[{"embeddable":true,"href":"https:\/\/info.ultradesk.com.br\/index.php?rest_route=\/wp\/v2\/users\/1"}],"replies":[{"embeddable":true,"href":"https:\/\/info.ultradesk.com.br\/index.php?rest_route=%2Fwp%2Fv2%2Fcomments&post=438"}],"version-history":[{"count":3,"href":"https:\/\/info.ultradesk.com.br\/index.php?rest_route=\/wp\/v2\/pages\/438\/revisions"}],"predecessor-version":[{"id":441,"href":"https:\/\/info.ultradesk.com.br\/index.php?rest_route=\/wp\/v2\/pages\/438\/revisions\/441"}],"wp:attachment":[{"href":"https:\/\/info.ultradesk.com.br\/index.php?rest_route=%2Fwp%2Fv2%2Fmedia&parent=438"}],"curies":[{"name":"wp","href":"https:\/\/api.w.org\/{rel}","templated":true}]}}