{"id":344,"date":"2025-06-12T11:30:21","date_gmt":"2025-06-12T14:30:21","guid":{"rendered":"https:\/\/info.ultradesk.com.br\/?page_id=344"},"modified":"2025-09-30T09:37:00","modified_gmt":"2025-09-30T12:37:00","slug":"nf-e","status":"publish","type":"page","link":"https:\/\/info.ultradesk.com.br\/?page_id=344","title":{"rendered":"NFe"},"content":{"rendered":"\n<p>A Nota Fiscal Eletr\u00f4nica, modelo 55, \u00e9 um documento fiscal digital com a finalidade de registrar eletronicamente opera\u00e7\u00f5es de movimenta\u00e7\u00e3o de mercadorias (venda, compra, devolu\u00e7\u00e3o, transfer\u00eancia, remessa, etc.).<\/p>\n\n\n\n<p>Esse documento, arquivo em formato XML, \u00e9 assinado digitalmente e transmitido para a SEFAZ (Secretaria da Fazenda). Tem validade jur\u00eddica somente ap\u00f3s o retorno autorizado.<\/p>\n\n\n\n<p>O DANFE (Documento Auxiliar da Nota Fiscal Eletr\u00f4nica) \u00e9 emitido a partir do XML da NFe para acompanhar a mercadoria no transporte mas n\u00e3o substitui a NFe (XML assinado e autorizado).<\/p>\n\n\n\n<p>No ultraDESK a emiss\u00e3o da NFe para pelas seguintes fases: inser\u00e7\u00e3o -&gt; homologa\u00e7\u00e3o (opcional) -&gt; emiss\u00e3o. Ap\u00f3s a emiss\u00e3o a NFe pode ser cancelada em caso de alguma diverg\u00eancia fiscal ou comercial ocorra entre o Emitente e a Secretaria ou Destinat\u00e1rio.<\/p>\n\n\n\n<p>Uma nova NFe se inicia definindo o destinat\u00e1rio seguido dos dados de identifica\u00e7\u00e3o que s\u00e3o utilizados para guiar os demais blocos da NFe.<\/p>\n\n\n\n<p>Cada bloco \u00e9 formado por tags que s\u00e3o preenchidas e calculadas de acordo com as regras fiscais.<\/p>\n\n\n\n<h2 class=\"wp-block-heading\">Blocos infNFe &#8211; Informa\u00e7\u00f5es da NFe (NFe \/ infNFe)<\/h2>\n\n\n\n<h3 class=\"wp-block-heading\">Bloco Identifica\u00e7\u00e3o (NFe \/ infNFe \/ ide)<\/h3>\n\n\n\n<figure class=\"wp-block-table is-style-stripes has-small-font-size\"><table><thead><tr><th>Tag<\/th><th>Descri\u00e7\u00e3o<\/th><th>Detalhes<\/th><\/tr><\/thead><tbody><tr><td>cUF<\/td><td>C\u00f3digo UF<\/td><td>C\u00f3digo IBGE do estado do emitente (unidade de neg\u00f3cio).<\/td><\/tr><tr><td>cNF<\/td><td>C\u00f3digo Num\u00e9rico<\/td><td><\/td><\/tr><tr><td>natOp<\/td><td>Natureza da Opera\u00e7\u00e3o<\/td><td><\/td><\/tr><tr><td>mod<\/td><td>Modelo<\/td><td>55 para NFe<\/td><\/tr><tr><td>serie<\/td><td>S\u00e9rie<\/td><td><\/td><\/tr><tr><td>nNF<\/td><td>N\u00famero da NFe<\/td><td><\/td><\/tr><tr><td>dhEmi<\/td><td>Data\/Hora de Emiss\u00e3o<\/td><td><\/td><\/tr><tr><td>dhSaiEnt<\/td><td>Data\/Hora Sa\u00edda\/Entrada<\/td><td><\/td><\/tr><tr><td>tpNF<\/td><td>Tipo NFe<\/td><td>0 &#8211; Entrada, 1 &#8211; Sa\u00edda<\/td><\/tr><tr><td>idDest<\/td><td>Destino da Opera\u00e7\u00e3o<\/td><td><\/td><\/tr><tr><td>cMunFG<\/td><td>Munic\u00edpio Fato Gerador<\/td><td>C\u00f3digo IBGE do munic\u00edpio do fato gerador (obrigatoriamente dentro do mesmo estado do emitente).<\/td><\/tr><tr><td>tpImp<\/td><td>Formato da Impress\u00e3o do DANFE<\/td><td>1 \u2013 Retrato \u2192 DANFE no formato tradicional em orienta\u00e7\u00e3o retrato (vertical).<br>2 \u2013 Paisagem \u2192 DANFE no formato tradicional em orienta\u00e7\u00e3o paisagem (horizontal).<br>3 \u2013 Simplificado \u2192 DANFE simplificado (reduzido), usado em opera\u00e7\u00f5es espec\u00edficas.<br>4 \u2013 NFC-e \u2192 DANFE no formato de NFC-e (Nota Fiscal de Consumidor Eletr\u00f4nica) em papel A4.<br>5 \u2013 DANFE NFC-e em mensagem eletr\u00f4nica (MSitef \/ e-mail) \u2192 formato de visualiza\u00e7\u00e3o eletr\u00f4nica para NFC-e.<\/td><\/tr><tr><td>tpEmis<\/td><td>Tipo Emiss\u00e3o<\/td><td>1 &#8211; Emiss\u00e3o normal (padr\u00e3o, online, em tempo real com a SEFAZ).<br>2 &#8211; Conting\u00eancia FS (Formul\u00e1rio de Seguran\u00e7a).<br>3 &#8211; Conting\u00eancia SCAN (Sistema de Conting\u00eancia do Ambiente Nacional) \u2013 <em>desativado desde 2015<\/em>.<br>4 &#8211; Conting\u00eancia DPEC (Declara\u00e7\u00e3o Pr\u00e9via de Emiss\u00e3o em Conting\u00eancia) \u2013 <em>desativado<\/em>.<br>5 &#8211; Conting\u00eancia FS-DA (Formul\u00e1rio de Seguran\u00e7a Documento Auxiliar).<br>6 &#8211; Conting\u00eancia SVC-AN (SEFAZ Virtual de Conting\u00eancia do Ambiente Nacional).<br>7 &#8211; Conting\u00eancia SVC-RS (SEFAZ Virtual de Conting\u00eancia do Rio Grande do Sul).<br>9 &#8211; Conting\u00eancia off-line da NFC-e (apenas para NFC-e).<\/td><\/tr><tr><td>cDV<\/td><td>D\u00edgito Verificador<\/td><td><\/td><\/tr><tr><td>tpAmb<\/td><td>Tipo Ambiente<\/td><td><\/td><\/tr><tr><td>finNFe<\/td><td>Finalidade da Emiss\u00e3o da NFe<\/td><td>1 &#8211; NFe normal: Opera\u00e7\u00e3o normal de venda, compra, transfer\u00eancia, etc.<br>\u00c9 o valor mais comum usado na maioria das opera\u00e7\u00f5es<br>2 &#8211; NFe complementar: Usada para complementar informa\u00e7\u00f5es de uma NFe j\u00e1 emitida<br>Geralmente para ajustar valores, quantidades ou dados que estavam incorretos<br>Deve referenciar a NFe original que est\u00e1 sendo complementada<br>3 &#8211; NFe de ajuste: Usada para fazer ajustes em opera\u00e7\u00f5es j\u00e1 realizadas<br>Menos comum que as outras finalidades<br>Tamb\u00e9m deve referenciar a opera\u00e7\u00e3o original<br>4 &#8211; Devolu\u00e7\u00e3o de mercadoria: Usada especificamente para opera\u00e7\u00f5es de devolu\u00e7\u00e3o\/retorno de mercadorias<br>Deve referenciar a NFe original da opera\u00e7\u00e3o que est\u00e1 sendo devolvida<\/td><\/tr><tr><td>indFinal<\/td><td>Consumidor Final<\/td><td>0 &#8211; Opera\u00e7\u00e3o normal (n\u00e3o \u00e9 consumidor final):<br>* Vendas para empresas, ind\u00fastrias, comerciantes<br>* Opera\u00e7\u00f5es B2B (business to business)<br>* Quando o destinat\u00e1rio vai revender ou usar o produto em sua atividade empresarial<br>1 &#8211; Opera\u00e7\u00e3o com consumidor final<br>* Vendas diretas ao consumidor final<br>* Opera\u00e7\u00f5es B2C (business to consumer)<br>* Quando o destinat\u00e1rio \u00e9 a pessoa que vai efetivamente consumir\/usar o produto<br>* Inclui tanto pessoas f\u00edsicas quanto jur\u00eddicas que adquirem para consumo pr\u00f3prio<\/td><\/tr><tr><td>indPres<\/td><td>Presen\u00e7a do Comprador<\/td><td>0 \u2013 N\u00e3o se aplica \u2192 geralmente usado em opera\u00e7\u00f5es n\u00e3o presenciais em que n\u00e3o h\u00e1 um \u201ccomprador\u201d diretamente (ex.: importa\u00e7\u00f5es).<br>1 \u2013 Opera\u00e7\u00e3o presencial \u2192 quando o consumidor est\u00e1 fisicamente presente no local de venda.<br>2 \u2013 Opera\u00e7\u00e3o n\u00e3o presencial, internet \u2192 venda feita pela internet.<br>3 \u2013 Opera\u00e7\u00e3o n\u00e3o presencial, teleatendimento \u2192 venda feita por telefone.<br>4 \u2013 NFC-e em opera\u00e7\u00e3o com entrega em domic\u00edlio \u2192 quando a NFC-e \u00e9 usada e a mercadoria ser\u00e1 entregue na casa do cliente.<br>5 \u2013 Opera\u00e7\u00e3o presencial fora do estabelecimento \u2192 venda feita em feiras, porta a porta, vendedor ambulante, etc.<br>9 \u2013 Opera\u00e7\u00e3o n\u00e3o presencial, outros \u2192 qualquer outro tipo de opera\u00e7\u00e3o n\u00e3o presencial que n\u00e3o se encaixa nos anteriores.<\/td><\/tr><tr><td>procEmi<\/td><td>Processo de Emiss\u00e3o<\/td><td>Sempre 0 (Emiss\u00e3o de NF-e com aplicativo do contribuinte)<\/td><\/tr><\/tbody><\/table><\/figure>\n\n\n\n<h3 class=\"wp-block-heading\">Bloco Transporte (NFe \/ infNFe \/ transp)<\/h3>\n\n\n\n<figure class=\"wp-block-table is-style-stripes has-small-font-size\"><table><thead><tr><th>Tag<\/th><th>Descri\u00e7\u00e3o<\/th><th>Detalhes<\/th><\/tr><\/thead><tbody><tr><td>modFrete<\/td><td>Modalidade do Frete<\/td><td><strong>0<\/strong> = <strong>Por conta do emitente (CIF)<\/strong><br>O remetente (quem emite a NFe) paga o frete<br>Frete incluso no valor da mercadoria<br>Modalidade CIF (Cost, Insurance and Freight)<br><strong>1<\/strong> = <strong>Por conta do destinat\u00e1rio (FOB)<\/strong><br>O destinat\u00e1rio paga o frete<br>Frete n\u00e3o incluso no valor da mercadoria<br>Modalidade FOB (Free On Board)<br><strong>2<\/strong> = <strong>Por conta de terceiros<\/strong><br>Uma terceira pessoa (nem emitente nem destinat\u00e1rio) paga o frete<br>Menos comum, usado em opera\u00e7\u00f5es espec\u00edficas<br><strong>3<\/strong> = <strong>Transporte pr\u00f3prio por conta do remetente<\/strong><br>O pr\u00f3prio emitente faz o transporte com ve\u00edculo pr\u00f3prio<br>Sem custo de frete para terceiros<br><strong>4<\/strong> = <strong>Transporte pr\u00f3prio por conta do destinat\u00e1rio<\/strong><br>O pr\u00f3prio destinat\u00e1rio faz o transporte com ve\u00edculo pr\u00f3prio<br>Cliente busca a mercadoria<br><strong>9<\/strong> = <strong>Sem frete<\/strong><br>N\u00e3o h\u00e1 transporte envolvido<br>Opera\u00e7\u00f5es sem movimenta\u00e7\u00e3o f\u00edsica<br>Retirada no local, produtos digitais, etc.<\/td><\/tr><tr><td>transporta<\/td><td>Transportador<\/td><td>Pessoas da classe &#8216;transportador&#8217;.<\/td><\/tr><tr><td>veicTransp.placa<\/td><td>Placa do Ve\u00edculo<\/td><td>Deve seguir a norma de placas do DENATRAN.<\/td><\/tr><tr><td>veicTransp.UF<\/td><td>Sigla da UF da placa do ve\u00edculo.<\/td><td>Duas letras (c\u00f3digo da UF).<\/td><\/tr><tr><td>veicTransp.RNTC<\/td><td>Registro Nacional de Transportador de Carga (ANTT).<\/td><td>Deve ser informado se o transportador for aut\u00f4nomo ou empresa inscrita na ANTT.<\/td><\/tr><tr><td><\/td><td><\/td><td><\/td><\/tr><tr><td><\/td><td><\/td><td><\/td><\/tr><\/tbody><\/table><\/figure>\n\n\n\n<h3 class=\"wp-block-heading\">Bloco Cobran\u00e7a (NFe \/ infNFe \/ cobr)<\/h3>\n\n\n\n<figure class=\"wp-block-table is-style-stripes has-small-font-size\"><table><thead><tr><th>Tag<\/th><th>Descri\u00e7\u00e3o<\/th><th>Detalhes<\/th><\/tr><\/thead><tbody><tr><td>nDup<\/td><td>N\u00famero da Duplicata<\/td><td>Identificador da duplicata (geralmente sequencial: 001, 002\u2026).<\/td><\/tr><tr><td>dVenc<\/td><td>Vencimento<\/td><td>Data v\u00e1lida posterior ou igual \u00e0 emiss\u00e3o da NFe.<\/td><\/tr><tr><td>vDup<\/td><td>Valor<\/td><td>Valor da duplicata (parcela).<\/td><\/tr><\/tbody><\/table><\/figure>\n\n\n\n<h3 class=\"wp-block-heading\">Bloco Cobran\u00e7a (NFe \/ infNFe \/ det \/ prod)<\/h3>\n\n\n\n<figure class=\"wp-block-table is-style-stripes has-small-font-size\"><table><thead><tr><th>Tag<\/th><th>Descri\u00e7\u00e3o<\/th><th>Detalhes<\/th><\/tr><\/thead><tbody><tr><td>cProd<\/td><td>C\u00f3digo do Produto<\/td><td>SKU no cadastro do produto.<\/td><\/tr><tr><td>cEAN<\/td><td>C\u00f3digo EAN<\/td><td>EAN Tribut\u00e1rio no cadastro do produto.<\/td><\/tr><tr><td>xProd<\/td><td>Descri\u00e7\u00e3o<\/td><td>Descri\u00e7\u00e3o no cadastro do produto.<\/td><\/tr><tr><td>NCM<\/td><td>Nomenclatura Comum Mercosul<\/td><td>NCM no cadastro do produto.<\/td><\/tr><tr><td>NVE<\/td><td>Nomenclatura de Valor Aduaneiro e Estat\u00edstica<\/td><td>Detalhamento aduaneiro extra ao produto quando a legisla\u00e7\u00e3o de com\u00e9rcio exterior assim determina. Complementa o NCM quando necess\u00e1rio. Registrado no cadastro do produto.<\/td><\/tr><tr><td>CEST<\/td><td>C\u00f3digo Especificador da Substitui\u00e7\u00e3o Tribut\u00e1ria<\/td><td>Uniformiza a identifica\u00e7\u00e3o dos produtos sujeitos \u00e0 substitui\u00e7\u00e3o tribut\u00e1ria (ST) do ICMS. Registrado no cadastro do produto.<\/td><\/tr><tr><td>indEscala<\/td><td>Indicador de Escala<\/td><td>Indica se o produto \u00e9 fabricado em escala relevante. Registrado no cadastro do produto.<\/td><\/tr><tr><td>CNPJFab<\/td><td>CNPJ do Fabricante<\/td><td>Informado para indEscala = N. Registrado no cadastro do produto.<\/td><\/tr><tr><td>cBenef<\/td><td>C\u00f3digo do Benef\u00edcio Fiscal<\/td><td>Identifica qual benef\u00edcio fiscal est\u00e1 sendo aplicado na opera\u00e7\u00e3o, conforme definido pela legisla\u00e7\u00e3o estadual.<\/td><\/tr><tr><td>indTot<\/td><td>Indicador de Total<\/td><td>Informa se o valor do item (vProd, vDesc, vOutro etc.) comp\u00f5e ou n\u00e3o o valor total da NF-e.<\/td><\/tr><tr><td><\/td><td><\/td><td><\/td><\/tr><\/tbody><\/table><\/figure>\n\n\n\n<h3 class=\"wp-block-heading\">Bloco Cobran\u00e7a (NFe \/ infNFe \/ det \/ prod \/ imposto)<\/h3>\n\n\n\n<figure class=\"wp-block-table is-style-stripes has-small-font-size\"><table><thead><tr><th>Tag<\/th><th>Descri\u00e7\u00e3o<\/th><th>Detalhes<\/th><\/tr><\/thead><tbody><tr><td><\/td><td><\/td><td><\/td><\/tr><tr><td><\/td><td><\/td><td><\/td><\/tr><tr><td><\/td><td><\/td><td><\/td><\/tr><tr><td><\/td><td><\/td><td><\/td><\/tr><tr><td><\/td><td><\/td><td><\/td><\/tr><tr><td><\/td><td><\/td><td><\/td><\/tr><tr><td><\/td><td><\/td><td><\/td><\/tr><tr><td><\/td><td><\/td><td><\/td><\/tr><tr><td><\/td><td><\/td><td><\/td><\/tr><tr><td><\/td><td><\/td><td><\/td><\/tr><tr><td><\/td><td><\/td><td><\/td><\/tr><\/tbody><\/table><\/figure>\n","protected":false},"excerpt":{"rendered":"<p>A Nota Fiscal Eletr\u00f4nica, modelo 55, \u00e9 um documento fiscal digital com a finalidade de registrar eletronicamente opera\u00e7\u00f5es de movimenta\u00e7\u00e3o de mercadorias (venda, compra, devolu\u00e7\u00e3o, transfer\u00eancia, remessa, etc.). Esse documento, arquivo em formato XML, \u00e9 assinado digitalmente e transmitido para a SEFAZ (Secretaria da Fazenda). Tem validade jur\u00eddica somente ap\u00f3s o retorno autorizado. O DANFE [&hellip;]<\/p>\n","protected":false},"author":1,"featured_media":0,"parent":0,"menu_order":0,"comment_status":"closed","ping_status":"closed","template":"","meta":{"footnotes":""},"class_list":["post-344","page","type-page","status-publish","hentry"],"blocksy_meta":[],"_links":{"self":[{"href":"https:\/\/info.ultradesk.com.br\/index.php?rest_route=\/wp\/v2\/pages\/344","targetHints":{"allow":["GET"]}}],"collection":[{"href":"https:\/\/info.ultradesk.com.br\/index.php?rest_route=\/wp\/v2\/pages"}],"about":[{"href":"https:\/\/info.ultradesk.com.br\/index.php?rest_route=\/wp\/v2\/types\/page"}],"author":[{"embeddable":true,"href":"https:\/\/info.ultradesk.com.br\/index.php?rest_route=\/wp\/v2\/users\/1"}],"replies":[{"embeddable":true,"href":"https:\/\/info.ultradesk.com.br\/index.php?rest_route=%2Fwp%2Fv2%2Fcomments&post=344"}],"version-history":[{"count":28,"href":"https:\/\/info.ultradesk.com.br\/index.php?rest_route=\/wp\/v2\/pages\/344\/revisions"}],"predecessor-version":[{"id":410,"href":"https:\/\/info.ultradesk.com.br\/index.php?rest_route=\/wp\/v2\/pages\/344\/revisions\/410"}],"wp:attachment":[{"href":"https:\/\/info.ultradesk.com.br\/index.php?rest_route=%2Fwp%2Fv2%2Fmedia&parent=344"}],"curies":[{"name":"wp","href":"https:\/\/api.w.org\/{rel}","templated":true}]}}