{"id":342,"date":"2025-06-12T11:18:27","date_gmt":"2025-06-12T14:18:27","guid":{"rendered":"https:\/\/info.ultradesk.com.br\/?page_id=342"},"modified":"2025-06-23T11:51:46","modified_gmt":"2025-06-23T14:51:46","slug":"cfop","status":"publish","type":"page","link":"https:\/\/info.ultradesk.com.br\/?page_id=342","title":{"rendered":"CFOP"},"content":{"rendered":"\n<p>O C\u00f3digo Fiscal de Opera\u00e7\u00f5es e Presta\u00e7\u00f5es &#8230;<\/p>\n\n\n\n<h2 class=\"wp-block-heading\">Campos<\/h2>\n\n\n\n<figure class=\"wp-block-table is-style-stripes\"><table><thead><tr><th>Nome<\/th><th>Descri\u00e7\u00e3o<\/th><\/tr><\/thead><tbody><tr><td>C\u00f3digo<\/td><td>\u00c9 um c\u00f3digo num\u00e9rico de 4 d\u00edgitos NFe e NFCe que identifica a natureza das opera\u00e7\u00f5es fiscais.<\/td><\/tr><tr><td><\/td><td><\/td><\/tr><tr><td><\/td><td><\/td><\/tr><tr><td><\/td><td><\/td><\/tr><tr><td><\/td><td><\/td><\/tr><tr><td><\/td><td><\/td><\/tr><tr><td><\/td><td><\/td><\/tr><tr><td><\/td><td><\/td><\/tr><\/tbody><\/table><\/figure>\n\n\n\n<p><\/p>\n","protected":false},"excerpt":{"rendered":"<p>O C\u00f3digo Fiscal de Opera\u00e7\u00f5es e Presta\u00e7\u00f5es &#8230; Campos Nome Descri\u00e7\u00e3o C\u00f3digo \u00c9 um c\u00f3digo num\u00e9rico de 4 d\u00edgitos NFe e NFCe que identifica a natureza das opera\u00e7\u00f5es fiscais.<\/p>\n","protected":false},"author":1,"featured_media":0,"parent":0,"menu_order":0,"comment_status":"closed","ping_status":"closed","template":"","meta":{"footnotes":""},"class_list":["post-342","page","type-page","status-publish","hentry"],"blocksy_meta":[],"_links":{"self":[{"href":"https:\/\/info.ultradesk.com.br\/index.php?rest_route=\/wp\/v2\/pages\/342","targetHints":{"allow":["GET"]}}],"collection":[{"href":"https:\/\/info.ultradesk.com.br\/index.php?rest_route=\/wp\/v2\/pages"}],"about":[{"href":"https:\/\/info.ultradesk.com.br\/index.php?rest_route=\/wp\/v2\/types\/page"}],"author":[{"embeddable":true,"href":"https:\/\/info.ultradesk.com.br\/index.php?rest_route=\/wp\/v2\/users\/1"}],"replies":[{"embeddable":true,"href":"https:\/\/info.ultradesk.com.br\/index.php?rest_route=%2Fwp%2Fv2%2Fcomments&post=342"}],"version-history":[{"count":3,"href":"https:\/\/info.ultradesk.com.br\/index.php?rest_route=\/wp\/v2\/pages\/342\/revisions"}],"predecessor-version":[{"id":356,"href":"https:\/\/info.ultradesk.com.br\/index.php?rest_route=\/wp\/v2\/pages\/342\/revisions\/356"}],"wp:attachment":[{"href":"https:\/\/info.ultradesk.com.br\/index.php?rest_route=%2Fwp%2Fv2%2Fmedia&parent=342"}],"curies":[{"name":"wp","href":"https:\/\/api.w.org\/{rel}","templated":true}]}}