{"id":237,"date":"2024-11-08T15:35:13","date_gmt":"2024-11-08T18:35:13","guid":{"rendered":"https:\/\/info.ultradesk.com.br\/?page_id=237"},"modified":"2024-11-08T15:35:13","modified_gmt":"2024-11-08T18:35:13","slug":"convencoes","status":"publish","type":"page","link":"https:\/\/info.ultradesk.com.br\/?page_id=237","title":{"rendered":"Conven\u00e7\u00f5es"},"content":{"rendered":"\n<p>Fuso Hor\u00e1rio<\/p>\n\n\n\n<p>\u00c9 definido como padr\u00e3o o fuso Am\u00e9rica\/Bras\u00edlia para registro das horas.<\/p>\n\n\n\n<p><\/p>\n","protected":false},"excerpt":{"rendered":"<p>Fuso Hor\u00e1rio \u00c9 definido como padr\u00e3o o fuso Am\u00e9rica\/Bras\u00edlia para registro das horas.<\/p>\n","protected":false},"author":1,"featured_media":0,"parent":0,"menu_order":0,"comment_status":"closed","ping_status":"closed","template":"","meta":{"footnotes":""},"class_list":["post-237","page","type-page","status-publish","hentry"],"blocksy_meta":[],"_links":{"self":[{"href":"https:\/\/info.ultradesk.com.br\/index.php?rest_route=\/wp\/v2\/pages\/237","targetHints":{"allow":["GET"]}}],"collection":[{"href":"https:\/\/info.ultradesk.com.br\/index.php?rest_route=\/wp\/v2\/pages"}],"about":[{"href":"https:\/\/info.ultradesk.com.br\/index.php?rest_route=\/wp\/v2\/types\/page"}],"author":[{"embeddable":true,"href":"https:\/\/info.ultradesk.com.br\/index.php?rest_route=\/wp\/v2\/users\/1"}],"replies":[{"embeddable":true,"href":"https:\/\/info.ultradesk.com.br\/index.php?rest_route=%2Fwp%2Fv2%2Fcomments&post=237"}],"version-history":[{"count":1,"href":"https:\/\/info.ultradesk.com.br\/index.php?rest_route=\/wp\/v2\/pages\/237\/revisions"}],"predecessor-version":[{"id":238,"href":"https:\/\/info.ultradesk.com.br\/index.php?rest_route=\/wp\/v2\/pages\/237\/revisions\/238"}],"wp:attachment":[{"href":"https:\/\/info.ultradesk.com.br\/index.php?rest_route=%2Fwp%2Fv2%2Fmedia&parent=237"}],"curies":[{"name":"wp","href":"https:\/\/api.w.org\/{rel}","templated":true}]}}