{"id":230,"date":"2024-11-02T21:08:21","date_gmt":"2024-11-03T00:08:21","guid":{"rendered":"https:\/\/info.ultradesk.com.br\/?page_id=230"},"modified":"2024-11-03T10:25:19","modified_gmt":"2024-11-03T13:25:19","slug":"ncm","status":"publish","type":"page","link":"https:\/\/info.ultradesk.com.br\/?page_id=230","title":{"rendered":"NCM"},"content":{"rendered":"\n<p>Nomenclatura Comum do Mercosul.<\/p>\n\n\n\n<p>O NCM \u00e9 um c\u00f3digo de oito d\u00edgitos utilizado para identificar a natureza de mercadorias e \u00e9 baseado no Sistema Harmonizado de Designa\u00e7\u00e3o e Codifica\u00e7\u00e3o de Mercadorias (SH). Esse c\u00f3digo determina a tributa\u00e7\u00e3o de diversos impostos, incluindo IPI, PIS e COFINS.<\/p>\n\n\n\n<p>O IPI n\u00e3o se altera de acordo com o regime tribut\u00e1rio do emissor mas o mesmo n\u00e3o ocorre nos casos do PIS e COFINS que podem ter al\u00edquotas diferentes para Lucro Real, Lucro Presumido, Simples Nacional.<\/p>\n\n\n\n<p><\/p>\n","protected":false},"excerpt":{"rendered":"<p>Nomenclatura Comum do Mercosul. O NCM \u00e9 um c\u00f3digo de oito d\u00edgitos utilizado para identificar a natureza de mercadorias e \u00e9 baseado no Sistema Harmonizado de Designa\u00e7\u00e3o e Codifica\u00e7\u00e3o de Mercadorias (SH). Esse c\u00f3digo determina a tributa\u00e7\u00e3o de diversos impostos, incluindo IPI, PIS e COFINS. O IPI n\u00e3o se altera de acordo com o regime [&hellip;]<\/p>\n","protected":false},"author":1,"featured_media":0,"parent":0,"menu_order":0,"comment_status":"closed","ping_status":"closed","template":"","meta":{"footnotes":""},"class_list":["post-230","page","type-page","status-publish","hentry"],"blocksy_meta":[],"_links":{"self":[{"href":"https:\/\/info.ultradesk.com.br\/index.php?rest_route=\/wp\/v2\/pages\/230","targetHints":{"allow":["GET"]}}],"collection":[{"href":"https:\/\/info.ultradesk.com.br\/index.php?rest_route=\/wp\/v2\/pages"}],"about":[{"href":"https:\/\/info.ultradesk.com.br\/index.php?rest_route=\/wp\/v2\/types\/page"}],"author":[{"embeddable":true,"href":"https:\/\/info.ultradesk.com.br\/index.php?rest_route=\/wp\/v2\/users\/1"}],"replies":[{"embeddable":true,"href":"https:\/\/info.ultradesk.com.br\/index.php?rest_route=%2Fwp%2Fv2%2Fcomments&post=230"}],"version-history":[{"count":4,"href":"https:\/\/info.ultradesk.com.br\/index.php?rest_route=\/wp\/v2\/pages\/230\/revisions"}],"predecessor-version":[{"id":436,"href":"https:\/\/info.ultradesk.com.br\/index.php?rest_route=\/wp\/v2\/pages\/230\/revisions\/436"}],"wp:attachment":[{"href":"https:\/\/info.ultradesk.com.br\/index.php?rest_route=%2Fwp%2Fv2%2Fmedia&parent=230"}],"curies":[{"name":"wp","href":"https:\/\/api.w.org\/{rel}","templated":true}]}}