{"id":190,"date":"2024-07-15T10:54:11","date_gmt":"2024-07-15T13:54:11","guid":{"rendered":"https:\/\/info.ultradesk.com.br\/?page_id=190"},"modified":"2024-07-15T11:28:28","modified_gmt":"2024-07-15T14:28:28","slug":"lixeira","status":"publish","type":"page","link":"https:\/\/info.ultradesk.com.br\/?page_id=190","title":{"rendered":"Lixeira"},"content":{"rendered":"\n<p>Algumas p\u00e1ginas do aplicativo possuem o recurso Lixeira.<\/p>\n\n\n\n<p>Dessa forma, ao excluir um registro, o mesmo \u00e9 movido para a lixeira permitindo sua restaura\u00e7\u00e3o, bem como sua refer\u00eancia onde foi usado anteriormente.<\/p>\n\n\n\n<p>Exemplo: Uma carteira no m\u00f3dulo financeiro foi criada e usada durante alguns anos em alguns pagamentos. Essa carteira representava uma conta em um banco que foi fechada e portanto n\u00e3o dever\u00e1 ser mais utilizada em novos pagamentos. Ao exclu\u00ed-la o aplicativo n\u00e3o mais fornecer\u00e1 ela como op\u00e7\u00e3o de sele\u00e7\u00e3o em um novo pagamento mas aqueles realizados anteriormente n\u00e3o perder\u00e3o sua refer\u00eancia.<\/p>\n\n\n\n<p>O processo de esvaziar a lixeira \u00e9 feito de forma autom\u00e1tica pelo ultraDESK, eliminando somente os registros que nunca foram utilizados em outros pontos do sistema periodicamente.<\/p>\n\n\n\n<p>P\u00e1ginas que n\u00e3o possuem o recurso de lixeira s\u00e3o aquelas que representam documentos como Pedidos, Ordens de Servi\u00e7o, Ordens de Compra, Pagamentos, etc. Excluir um documento \u00e9 uma a\u00e7\u00e3o irrevers\u00edvel por\u00e9m um log \u00e9 gerado para refer\u00eancia futura.<\/p>\n","protected":false},"excerpt":{"rendered":"<p>Algumas p\u00e1ginas do aplicativo possuem o recurso Lixeira. Dessa forma, ao excluir um registro, o mesmo \u00e9 movido para a lixeira permitindo sua restaura\u00e7\u00e3o, bem como sua refer\u00eancia onde foi usado anteriormente. Exemplo: Uma carteira no m\u00f3dulo financeiro foi criada e usada durante alguns anos em alguns pagamentos. Essa carteira representava uma conta em um [&hellip;]<\/p>\n","protected":false},"author":1,"featured_media":0,"parent":0,"menu_order":0,"comment_status":"closed","ping_status":"closed","template":"","meta":{"footnotes":""},"class_list":["post-190","page","type-page","status-publish","hentry"],"blocksy_meta":[],"_links":{"self":[{"href":"https:\/\/info.ultradesk.com.br\/index.php?rest_route=\/wp\/v2\/pages\/190","targetHints":{"allow":["GET"]}}],"collection":[{"href":"https:\/\/info.ultradesk.com.br\/index.php?rest_route=\/wp\/v2\/pages"}],"about":[{"href":"https:\/\/info.ultradesk.com.br\/index.php?rest_route=\/wp\/v2\/types\/page"}],"author":[{"embeddable":true,"href":"https:\/\/info.ultradesk.com.br\/index.php?rest_route=\/wp\/v2\/users\/1"}],"replies":[{"embeddable":true,"href":"https:\/\/info.ultradesk.com.br\/index.php?rest_route=%2Fwp%2Fv2%2Fcomments&post=190"}],"version-history":[{"count":3,"href":"https:\/\/info.ultradesk.com.br\/index.php?rest_route=\/wp\/v2\/pages\/190\/revisions"}],"predecessor-version":[{"id":197,"href":"https:\/\/info.ultradesk.com.br\/index.php?rest_route=\/wp\/v2\/pages\/190\/revisions\/197"}],"wp:attachment":[{"href":"https:\/\/info.ultradesk.com.br\/index.php?rest_route=%2Fwp%2Fv2%2Fmedia&parent=190"}],"curies":[{"name":"wp","href":"https:\/\/api.w.org\/{rel}","templated":true}]}}