{"id":18,"date":"2023-07-27T08:13:40","date_gmt":"2023-07-27T11:13:40","guid":{"rendered":"https:\/\/kb.ultradesk.com.br\/?page_id=18"},"modified":"2024-06-27T17:41:50","modified_gmt":"2024-06-27T20:41:50","slug":"sobre","status":"publish","type":"page","link":"https:\/\/info.ultradesk.com.br\/?page_id=18","title":{"rendered":"Sobre"},"content":{"rendered":"\n<p>A biblioteca do usu\u00e1rio \u00e9 um reposit\u00f3rio de artigos e instru\u00e7\u00f5es de uso relacionados ao uso do aplicativo ultraDESK da R36 Software.<\/p>\n","protected":false},"excerpt":{"rendered":"<p>A biblioteca do usu\u00e1rio \u00e9 um reposit\u00f3rio de artigos e instru\u00e7\u00f5es de uso relacionados ao uso do aplicativo ultraDESK da R36 Software.<\/p>\n","protected":false},"author":1,"featured_media":0,"parent":0,"menu_order":0,"comment_status":"closed","ping_status":"closed","template":"","meta":{"footnotes":""},"class_list":["post-18","page","type-page","status-publish","hentry"],"blocksy_meta":[],"_links":{"self":[{"href":"https:\/\/info.ultradesk.com.br\/index.php?rest_route=\/wp\/v2\/pages\/18","targetHints":{"allow":["GET"]}}],"collection":[{"href":"https:\/\/info.ultradesk.com.br\/index.php?rest_route=\/wp\/v2\/pages"}],"about":[{"href":"https:\/\/info.ultradesk.com.br\/index.php?rest_route=\/wp\/v2\/types\/page"}],"author":[{"embeddable":true,"href":"https:\/\/info.ultradesk.com.br\/index.php?rest_route=\/wp\/v2\/users\/1"}],"replies":[{"embeddable":true,"href":"https:\/\/info.ultradesk.com.br\/index.php?rest_route=%2Fwp%2Fv2%2Fcomments&post=18"}],"version-history":[{"count":2,"href":"https:\/\/info.ultradesk.com.br\/index.php?rest_route=\/wp\/v2\/pages\/18\/revisions"}],"predecessor-version":[{"id":170,"href":"https:\/\/info.ultradesk.com.br\/index.php?rest_route=\/wp\/v2\/pages\/18\/revisions\/170"}],"wp:attachment":[{"href":"https:\/\/info.ultradesk.com.br\/index.php?rest_route=%2Fwp%2Fv2%2Fmedia&parent=18"}],"curies":[{"name":"wp","href":"https:\/\/api.w.org\/{rel}","templated":true}]}}